{"id":7730,"date":"2014-07-27T11:06:11","date_gmt":"2014-07-27T09:06:11","guid":{"rendered":"http:\/\/no-problem-mam.com\/?page_id=7730"},"modified":"2017-02-23T15:55:09","modified_gmt":"2017-02-23T14:55:09","slug":"agenda-festival","status":"publish","type":"page","link":"https:\/\/magikindia.com\/en\/agenda-festival\/","title":{"rendered":"Festivals Calendar 2017"},"content":{"rendered":"<p id=\"ajdePOSH_code\" data-defsc=\"add_eventon\" data-curcode=\"add_eventon_fc show_et_ft_img=&quot;yes&quot; grid_ux=&quot;2&quot; load_fullmonth=&quot;yes&quot; jumper=&quot;yes&quot; mo1st=&quot;no&quot; heat=&quot;yes&quot; \">[add_eventon_fc show_et_ft_img=&#8221;yes&#8221; grid_ux=&#8221;2&#8243; load_fullmonth=&#8221;yes&#8221; jumper=&#8221;yes&#8221; mo1st=&#8221;no&#8221; ]<\/p>\n<div class=\"ays-arp-under-posts-container ays-arp-classy-layout \" id=\"ays-arp-under-posts-container-7730-69e17ee0327da\"  data-id=\"69e17ee0327da\" data-ratio=\"0.75\"><h2 class=\"ays-arp-under-posts-container-title\">Vous aimerez peut-\u00eatre aussi...<\/h2><input type=\"hidden\" name=\"ays-arp-id-69e17ee0327da\" value=\"7730\"><div class=\"ays-arp-under-posts\"><div class=\"ays-arp-under-post\"><div class=\"ays-arp-under-post-header\"><div class=\"ays-arp-under-post-img-row\"><a href=\"https:\/\/magikindia.com\/visa-inde\/\" class=\"ays-arp-under-post-link\" target=\"_blank\" ><img src=\"https:\/\/magikindia.com\/wp-content\/uploads\/2025\/04\/Indian-Visa.jpg\" alt=\"\" class=\"ays-arp-under-post-img\"><img src=\"https:\/\/magikindia.com\/wp-content\/uploads\/2025\/04\/Indian-Visa.jpg\" alt=\"\" class=\"ays-arp-under-post-img ays-arp-under-post-img-mobile\"><span class=\"ays-arp-under-post-overlay-box\"><\/span><\/a><div class=\"ays-arp-under-post-title-row\"><div class=\"ays-arp-under-post-title\"><a href=\"https:\/\/magikindia.com\/visa-inde\/\" class=\"ays-arp-under-post-link\" target=\"_blank\" >Visa Inde<\/a><\/div><\/div><\/div><\/div><div class=\"ays-arp-under-post-content\"><div class=\"ays-arp-under-post-excerpt-row\"><span class=\"ays-arp-under-post-excerpt\">\nUn visa est obligatoire pour se rendre en Inde&nbsp;quels que soient votre lieu de r\u00e9sidence et votre nationalit\u00e9.\n\n\n\nN.B.: Si vous...<\/span><\/div><\/div><\/div><div class=\"ays-arp-under-post\"><div class=\"ays-arp-under-post-header\"><div class=\"ays-arp-under-post-img-row\"><a href=\"https:\/\/magikindia.com\/musique-de-linde\/\" class=\"ays-arp-under-post-link\" target=\"_blank\" ><img src=\"https:\/\/magikindia.com\/wp-content\/uploads\/2017\/09\/musique-classique-indienne.jpg\" alt=\"\" class=\"ays-arp-under-post-img\"><img src=\"https:\/\/magikindia.com\/wp-content\/uploads\/2017\/09\/musique-classique-indienne.jpg\" alt=\"\" class=\"ays-arp-under-post-img ays-arp-under-post-img-mobile\"><span class=\"ays-arp-under-post-overlay-box\"><\/span><\/a><div class=\"ays-arp-under-post-title-row\"><div class=\"ays-arp-under-post-title\"><a href=\"https:\/\/magikindia.com\/musique-de-linde\/\" class=\"ays-arp-under-post-link\" target=\"_blank\" >Musiques de l&#039;Inde<\/a><\/div><\/div><\/div><\/div><div class=\"ays-arp-under-post-content\"><div class=\"ays-arp-under-post-excerpt-row\"><span class=\"ays-arp-under-post-excerpt\">\nV\u00e9ritable mosa\u00efque sonore, la musique de l\u2019Inde se d\u00e9ploie comme un fleuve mill\u00e9naire o\u00f9 s\u2019entrem\u00ealent spiritualit\u00e9, rigueur technique et ferveur...<\/span><\/div><\/div><\/div><div class=\"ays-arp-under-post\"><div class=\"ays-arp-under-post-header\"><div class=\"ays-arp-under-post-img-row\"><a href=\"https:\/\/magikindia.com\/haryana\/\" class=\"ays-arp-under-post-link\" target=\"_blank\" ><img src=\"https:\/\/magikindia.com\/wp-content\/uploads\/2018\/09\/chandigarh-nek.jpg\" alt=\"\" class=\"ays-arp-under-post-img\"><img src=\"https:\/\/magikindia.com\/wp-content\/uploads\/2018\/09\/chandigarh-nek.jpg\" alt=\"\" class=\"ays-arp-under-post-img ays-arp-under-post-img-mobile\"><span class=\"ays-arp-under-post-overlay-box\"><\/span><\/a><div class=\"ays-arp-under-post-title-row\"><div class=\"ays-arp-under-post-title\"><a href=\"https:\/\/magikindia.com\/haryana\/\" class=\"ays-arp-under-post-link\" target=\"_blank\" >Haryana<\/a><\/div><\/div><\/div><\/div><div class=\"ays-arp-under-post-content\"><div class=\"ays-arp-under-post-excerpt-row\"><span class=\"ays-arp-under-post-excerpt\">\n\nChandigarh, une cit\u00e9 Le Corbusier\n\n\n\nChandigarh est la premi\u00e8re ville nouvelle de l\u2019Inde ind\u00e9pendante, \u00e0 la fois territoire indien et capitale...<\/span><\/div><\/div><\/div><div class=\"ays-arp-under-post\"><div class=\"ays-arp-under-post-header\"><div class=\"ays-arp-under-post-img-row\"><a href=\"https:\/\/magikindia.com\/en\/goa\/\" class=\"ays-arp-under-post-link\" target=\"_blank\" ><img src=\"https:\/\/magikindia.com\/wp-content\/uploads\/2016\/12\/goa-1.jpg\" alt=\"\" class=\"ays-arp-under-post-img\"><img src=\"https:\/\/magikindia.com\/wp-content\/uploads\/2016\/12\/goa-1.jpg\" alt=\"\" class=\"ays-arp-under-post-img ays-arp-under-post-img-mobile\"><span class=\"ays-arp-under-post-overlay-box\"><\/span><\/a><div class=\"ays-arp-under-post-title-row\"><div class=\"ays-arp-under-post-title\"><a href=\"https:\/\/magikindia.com\/en\/goa\/\" class=\"ays-arp-under-post-link\" target=\"_blank\" >Goa, the portuguese pearl of India<\/a><\/div><\/div><\/div><\/div><div class=\"ays-arp-under-post-content\"><div class=\"ays-arp-under-post-excerpt-row\"><span class=\"ays-arp-under-post-excerpt\">\nGoa, the &#039;Pearl of the Orient&#039;, is a state of south-west India renowned for its endless beaches and its festive...<\/span><\/div><\/div><\/div><div class=\"ays-arp-under-post\"><div class=\"ays-arp-under-post-header\"><div class=\"ays-arp-under-post-img-row\"><a href=\"https:\/\/magikindia.com\/bihar\/\" class=\"ays-arp-under-post-link\" target=\"_blank\" ><img src=\"https:\/\/magikindia.com\/wp-content\/uploads\/2020\/05\/bodhgaya-bihar-1.jpg\" alt=\"\" class=\"ays-arp-under-post-img\"><img src=\"https:\/\/magikindia.com\/wp-content\/uploads\/2020\/05\/bodhgaya-bihar-1.jpg\" alt=\"\" class=\"ays-arp-under-post-img ays-arp-under-post-img-mobile\"><span class=\"ays-arp-under-post-overlay-box\"><\/span><\/a><div class=\"ays-arp-under-post-title-row\"><div class=\"ays-arp-under-post-title\"><a href=\"https:\/\/magikindia.com\/bihar\/\" class=\"ays-arp-under-post-link\" target=\"_blank\" >Bihar<\/a><\/div><\/div><\/div><\/div><div class=\"ays-arp-under-post-content\"><div class=\"ays-arp-under-post-excerpt-row\"><span class=\"ays-arp-under-post-excerpt\">\nLe Bihar est une r\u00e9gion du centre de l\u2019Inde, berceau du bouddhisme, dont l\u2019attraction principale est la ville de Bodhgaya...<\/span><\/div><\/div><\/div><div class=\"ays-arp-under-post\"><div class=\"ays-arp-under-post-header\"><div class=\"ays-arp-under-post-img-row\"><a href=\"https:\/\/magikindia.com\/en\/bihar\/\" class=\"ays-arp-under-post-link\" target=\"_blank\" ><img src=\"https:\/\/magikindia.com\/wp-content\/uploads\/2020\/05\/bodhgaya-bihar-1.jpg\" alt=\"\" class=\"ays-arp-under-post-img\"><img src=\"https:\/\/magikindia.com\/wp-content\/uploads\/2020\/05\/bodhgaya-bihar-1.jpg\" alt=\"\" class=\"ays-arp-under-post-img ays-arp-under-post-img-mobile\"><span class=\"ays-arp-under-post-overlay-box\"><\/span><\/a><div class=\"ays-arp-under-post-title-row\"><div class=\"ays-arp-under-post-title\"><a href=\"https:\/\/magikindia.com\/en\/bihar\/\" class=\"ays-arp-under-post-link\" target=\"_blank\" >Bihar<\/a><\/div><\/div><\/div><\/div><div class=\"ays-arp-under-post-content\"><div class=\"ays-arp-under-post-excerpt-row\"><span class=\"ays-arp-under-post-excerpt\">\n\n\n\n\nBodhgaya\n\n\n\n\n\n\n\n\n\n\n\nAt the age of 29, Siddharta Gautama, Prince of Kapilavastu, abandoned his material and worldly life to find the truth...<\/span><\/div><\/div><\/div><\/div><style type=\"text\/css\">\n            #ays-arp-under-posts-container-7730-69e17ee0327da {\n                width: 100%;\n                word-break: break-word;\n            }\n\n            #ays-arp-under-posts-container-7730-69e17ee0327da .ays-arp-under-post {\n                width: calc(33% - 10px);\n                overflow: hidden;\n                padding: 10px;\n                border: none;\n            }\n\n            #ays-arp-under-posts-container-7730-69e17ee0327da .ays-arp-under-post-img-row .ays-arp-under-post-img {\n\t\t\t    object-fit: cover;\n\t\t\t    object-position:center center;\n                border: unset;\n                padding: unset;\n                border-radius: 0px;\n                height: 100%\n            }\n\n            #ays-arp-under-posts-container-7730-69e17ee0327da .ays-arp-under-posts-container-title,\n            #ays-arp-under-posts-container-7730-69e17ee0327da .ays-arp-under-post-title  .ays-arp-under-post-link,\n            #ays-arp-under-posts-container-7730-69e17ee0327da .ays-arp-under-post-excerpt-row {\n                color: #333333;\n            }\n\n            #ays-arp-under-posts-container-7730-69e17ee0327da  .ays-arp-under-posts  .ays-arp-under-post {\n                background-color: rgba(255,255,255,0);\n            }\n\n            #ays-arp-under-posts-container-7730-69e17ee0327da  .ays-arp-under-posts  .ays-arp-under-post:hover {\n                background-color: rgba(255,255,255,0);\n            }\n\n            #ays-arp-under-posts-container-7730-69e17ee0327da .ays-arp-under-post-title,\n            #ays-arp-under-posts-container-7730-69e17ee0327da .ays-arp-under-post-link {\n                line-height: 1.5;\n            }\n\n            #ays-arp-under-posts-container-7730-69e17ee0327da .ays-arp-under-post-title a{\n                font-size: 16px;\n            }\n\n            #ays-arp-under-posts-container-7730-69e17ee0327da .ays-arp-under-post-date-author-row {\n                color: rgba(51,51,51,0.7);\n            }\n\n            #ays-arp-under-posts-container-7730-69e17ee0327da .ays-arp-under-posts a:active,\n            #ays-arp-under-posts-container-7730-69e17ee0327da .ays-arp-under-posts a:hover,\n            #ays-arp-under-posts-container-7730-69e17ee0327da .ays-arp-under-posts a:focus,\n            #ays-arp-under-posts-container-7730-69e17ee0327da .ays-arp-under-posts a {\n                text-decoration: unset;\n                cursor: pointer;\n                outline: unset;\n                text-decoration-skip-ink: none;\n                background: unset;\n                opacity: 1;\n            }\n\n            #ays-arp-under-posts-container-7730-69e17ee0327da .ays-arp-under-post-img-row .ays-arp-under-post-img.ays-arp-under-post-img-mobile {\n                display: none;                    \n            }\n\n            @media screen and (max-width: 768px){\n\n                #ays-arp-under-posts-container-7730-69e17ee0327da .ays-arp-under-post-img-row .ays-arp-under-post-img {\n                    object-fit: cover;\n                    object-position:center center;\n                    border-radius: 0px;\n                    display: none;\n                }\n\n                #ays-arp-under-posts-container-7730-69e17ee0327da .ays-arp-under-post-img-row .ays-arp-under-post-img.ays-arp-under-post-img-mobile {\n                    display: inline-block;                    \n                }\n\n                #ays-arp-under-posts-container-7730-69e17ee0327da .ays-arp-under-post-title a{\n                    font-size: 16px;\n                }\n\n                #ays-arp-under-posts-container-7730-69e17ee0327da .ays-arp-under-post {\n                    width: calc(33% - 10px);\n                    border: none;\n                }\n\n                #ays-arp-under-posts-container-7730-69e17ee0327da .ays-arp-under-posts-container-title,\n                #ays-arp-under-posts-container-7730-69e17ee0327da .ays-arp-under-post-title  .ays-arp-under-post-link,\n                #ays-arp-under-posts-container-7730-69e17ee0327da .ays-arp-under-post-excerpt-row {\n                    color: #333333;\n                }\n\n                #ays-arp-under-posts-container-7730-69e17ee0327da .ays-arp-under-post-date-author-row {\n                    color: rgba(51,51,51,0.7);\n                }\n\n                #ays-arp-under-posts-container-7730-69e17ee0327da  .ays-arp-under-posts  .ays-arp-under-post {\n                    background-color: rgba(255,255,255,0);\n                }\n            }\n\n            \n            \/* Layout CSS *\/\n            #ays-arp-under-posts-container-7730-69e17ee0327da.ays-arp-classy-layout .ays-arp-under-post-date-author-row {\n                \/*border-bottom: 0.5px solid rgba(51,51,51,0.4);*\/\n                border: unset;\n            }\n\n            #ays-arp-under-posts-container-7730-69e17ee0327da.ays-arp-classy-layout .ays-arp-under-post {\n                padding: 0;\n                \/*border: 0.5px solid rgb(236 237 241);*\/\n                border-radius: 5px;\n                overflow:hidden;\n            }\n\n            #ays-arp-under-posts-container-7730-69e17ee0327da.ays-arp-classy-layout .ays-arp-under-post-content {\n                padding: 10px;\n            }\n\n            #ays-arp-under-posts-container-7730-69e17ee0327da.ays-arp-classy-layout .ays-arp-under-post-img-row,\n            #ays-arp-under-posts-container-7730-69e17ee0327da.ays-arp-classy-layout .ays-arp-under-post-img-row img {\n                border-radius: 0px;\n            }\n\n            .ays-arp-under-posts-container.ays-arp-classy-layout .ays-arp-under-post-overlay-box {\n                border-radius: 0px;\n            }\n\n            #ays-arp-under-posts-container-7730-69e17ee0327da.ays-arp-classy-layout .ays-arp-under-post-link {\n                color: #fff;\n            }\n\n            @media screen and (max-width: 768px){\n                #ays-arp-under-posts-container-7730-69e17ee0327da.ays-arp-classy-layout .ays-arp-under-post-img-row img {\n                    border-radius: 0px;\n                }\n\n                .ays-arp-under-posts-container.ays-arp-classy-layout .ays-arp-under-post-overlay-box {\n                    border-radius: 0px;\n                }\n            }\n            \n            <\/style><\/div>","protected":false},"excerpt":{"rendered":"<p>[add_eventon_fc show_et_ft_img=&#8221;yes&#8221; grid_ux=&#8221;2&#8243; load_fullmonth=&#8221;yes&#8221; jumper=&#8221;yes&#8221; mo1st=&#8221;no&#8221; ] Vous aimerez peut-\u00eatre aussi&#8230;Visa Inde Un visa est obligatoire pour se rendre en Inde&nbsp;quels que soient votre lieu de r\u00e9sidence et votre nationalit\u00e9. N.B.: Si vous&#8230;Musiques de l&#039;Inde V\u00e9ritable mosa\u00efque sonore, la musique de l\u2019Inde se d\u00e9ploie comme un fleuve mill\u00e9naire o\u00f9 s\u2019entrem\u00ealent spiritualit\u00e9, rigueur technique et ferveur&#8230;Haryana &hellip; <\/p>\n<div class=\"more-link-wrapper\"><a href=\"https:\/\/magikindia.com\/en\/agenda-festival\/\" class=\"button more-link\">Continue reading<span class=\"screen-reader-text\"> &#8220;Festivals Calendar 2017&#8221;<\/span><\/a><\/div>\n","protected":false},"author":4,"featured_media":39117,"parent":0,"menu_order":0,"comment_status":"open","ping_status":"open","template":"","meta":{"_monsterinsights_skip_tracking":false,"_monsterinsights_sitenote_active":false,"_monsterinsights_sitenote_note":"","_monsterinsights_sitenote_category":0,"footnotes":""},"class_list":["post-7730","page","type-page","status-publish","has-post-thumbnail","hentry"],"yoast_head":"<!-- This site is optimized with the Yoast SEO plugin v27.4 - https:\/\/yoast.com\/product\/yoast-seo-wordpress\/ -->\n<title>Festivals Calendar 2017 - MAGIK INDIA<\/title>\n<meta name=\"robots\" content=\"index, follow, max-snippet:-1, max-image-preview:large, max-video-preview:-1\" \/>\n<link rel=\"canonical\" href=\"https:\/\/magikindia.com\/en\/agenda-festival\/\" \/>\n<meta property=\"og:locale\" content=\"en_US\" \/>\n<meta property=\"og:type\" content=\"article\" \/>\n<meta property=\"og:title\" content=\"Festivals Calendar 2017 - MAGIK INDIA\" \/>\n<meta property=\"og:description\" content=\"[add_eventon_fc show_et_ft_img=&#8221;yes&#8221; grid_ux=&#8221;2&#8243; load_fullmonth=&#8221;yes&#8221; jumper=&#8221;yes&#8221; mo1st=&#8221;no&#8221; ] Vous aimerez peut-\u00eatre aussi...Visa Inde Un visa est obligatoire pour se rendre en Inde&nbsp;quels que soient votre lieu de r\u00e9sidence et votre nationalit\u00e9. N.B.: Si vous...Musiques de l&#039;Inde V\u00e9ritable mosa\u00efque sonore, la musique de l\u2019Inde se d\u00e9ploie comme un fleuve mill\u00e9naire o\u00f9 s\u2019entrem\u00ealent spiritualit\u00e9, rigueur technique et ferveur...Haryana &hellip; Continue reading &quot;Festivals Calendar 2017&quot;\" \/>\n<meta property=\"og:url\" content=\"https:\/\/magikindia.com\/en\/agenda-festival\/\" \/>\n<meta property=\"og:site_name\" content=\"MAGIK INDIA\" \/>\n<meta property=\"article:modified_time\" content=\"2017-02-23T14:55:09+00:00\" \/>\n<meta property=\"og:image\" content=\"https:\/\/magikindia.com\/wp-content\/uploads\/2016\/01\/jaisalmer-festival.jpg\" \/>\n\t<meta property=\"og:image:width\" content=\"709\" \/>\n\t<meta property=\"og:image:height\" content=\"473\" \/>\n\t<meta property=\"og:image:type\" content=\"image\/jpeg\" \/>\n<script type=\"application\/ld+json\" class=\"yoast-schema-graph\">{\"@context\":\"https:\\\/\\\/schema.org\",\"@graph\":[{\"@type\":\"WebPage\",\"@id\":\"https:\\\/\\\/magikindia.com\\\/en\\\/agenda-festival\\\/\",\"url\":\"https:\\\/\\\/magikindia.com\\\/en\\\/agenda-festival\\\/\",\"name\":\"Festivals Calendar 2017 - MAGIK INDIA\",\"isPartOf\":{\"@id\":\"https:\\\/\\\/magikindia.com\\\/en\\\/#website\"},\"primaryImageOfPage\":{\"@id\":\"https:\\\/\\\/magikindia.com\\\/en\\\/agenda-festival\\\/#primaryimage\"},\"image\":{\"@id\":\"https:\\\/\\\/magikindia.com\\\/en\\\/agenda-festival\\\/#primaryimage\"},\"thumbnailUrl\":\"https:\\\/\\\/magikindia.com\\\/wp-content\\\/uploads\\\/2016\\\/01\\\/jaisalmer-festival.jpg\",\"datePublished\":\"2014-07-27T09:06:11+00:00\",\"dateModified\":\"2017-02-23T14:55:09+00:00\",\"breadcrumb\":{\"@id\":\"https:\\\/\\\/magikindia.com\\\/en\\\/agenda-festival\\\/#breadcrumb\"},\"inLanguage\":\"en-US\",\"potentialAction\":[{\"@type\":\"ReadAction\",\"target\":[\"https:\\\/\\\/magikindia.com\\\/en\\\/agenda-festival\\\/\"]}]},{\"@type\":\"ImageObject\",\"inLanguage\":\"en-US\",\"@id\":\"https:\\\/\\\/magikindia.com\\\/en\\\/agenda-festival\\\/#primaryimage\",\"url\":\"https:\\\/\\\/magikindia.com\\\/wp-content\\\/uploads\\\/2016\\\/01\\\/jaisalmer-festival.jpg\",\"contentUrl\":\"https:\\\/\\\/magikindia.com\\\/wp-content\\\/uploads\\\/2016\\\/01\\\/jaisalmer-festival.jpg\",\"width\":709,\"height\":473},{\"@type\":\"BreadcrumbList\",\"@id\":\"https:\\\/\\\/magikindia.com\\\/en\\\/agenda-festival\\\/#breadcrumb\",\"itemListElement\":[{\"@type\":\"ListItem\",\"position\":1,\"name\":\"Home\",\"item\":\"https:\\\/\\\/magikindia.com\\\/en\\\/\"},{\"@type\":\"ListItem\",\"position\":2,\"name\":\"Festivals Calendar 2017\"}]},{\"@type\":\"WebSite\",\"@id\":\"https:\\\/\\\/magikindia.com\\\/en\\\/#website\",\"url\":\"https:\\\/\\\/magikindia.com\\\/en\\\/\",\"name\":\"MAGIK INDIA\",\"description\":\"| CULTURAL BLOG | TAILOR-MADE TRIPS IN INDIA\",\"publisher\":{\"@id\":\"https:\\\/\\\/magikindia.com\\\/en\\\/#\\\/schema\\\/person\\\/11e0df38e0d977bc5b9887c38de9210f\"},\"potentialAction\":[{\"@type\":\"SearchAction\",\"target\":{\"@type\":\"EntryPoint\",\"urlTemplate\":\"https:\\\/\\\/magikindia.com\\\/en\\\/?s={search_term_string}\"},\"query-input\":{\"@type\":\"PropertyValueSpecification\",\"valueRequired\":true,\"valueName\":\"search_term_string\"}}],\"inLanguage\":\"en-US\"},{\"@type\":[\"Person\",\"Organization\"],\"@id\":\"https:\\\/\\\/magikindia.com\\\/en\\\/#\\\/schema\\\/person\\\/11e0df38e0d977bc5b9887c38de9210f\",\"name\":\"MAGIK INDIA\",\"image\":{\"@type\":\"ImageObject\",\"inLanguage\":\"en-US\",\"@id\":\"https:\\\/\\\/magikindia.com\\\/wp-content\\\/uploads\\\/2017\\\/03\\\/OPH1.jpg\",\"url\":\"https:\\\/\\\/magikindia.com\\\/wp-content\\\/uploads\\\/2017\\\/03\\\/OPH1.jpg\",\"contentUrl\":\"https:\\\/\\\/magikindia.com\\\/wp-content\\\/uploads\\\/2017\\\/03\\\/OPH1.jpg\",\"width\":638,\"height\":673,\"caption\":\"MAGIK INDIA\"},\"logo\":{\"@id\":\"https:\\\/\\\/magikindia.com\\\/wp-content\\\/uploads\\\/2017\\\/03\\\/OPH1.jpg\"}}]}<\/script>\n<!-- \/ Yoast SEO plugin. -->","yoast_head_json":{"title":"Festivals Calendar 2017 - MAGIK INDIA","robots":{"index":"index","follow":"follow","max-snippet":"max-snippet:-1","max-image-preview":"max-image-preview:large","max-video-preview":"max-video-preview:-1"},"canonical":"https:\/\/magikindia.com\/en\/agenda-festival\/","og_locale":"en_US","og_type":"article","og_title":"Festivals Calendar 2017 - MAGIK INDIA","og_description":"[add_eventon_fc show_et_ft_img=&#8221;yes&#8221; grid_ux=&#8221;2&#8243; load_fullmonth=&#8221;yes&#8221; jumper=&#8221;yes&#8221; mo1st=&#8221;no&#8221; ] Vous aimerez peut-\u00eatre aussi...Visa Inde Un visa est obligatoire pour se rendre en Inde&nbsp;quels que soient votre lieu de r\u00e9sidence et votre nationalit\u00e9. N.B.: Si vous...Musiques de l&#039;Inde V\u00e9ritable mosa\u00efque sonore, la musique de l\u2019Inde se d\u00e9ploie comme un fleuve mill\u00e9naire o\u00f9 s\u2019entrem\u00ealent spiritualit\u00e9, rigueur technique et ferveur...Haryana &hellip; Continue reading \"Festivals Calendar 2017\"","og_url":"https:\/\/magikindia.com\/en\/agenda-festival\/","og_site_name":"MAGIK INDIA","article_modified_time":"2017-02-23T14:55:09+00:00","og_image":[{"width":709,"height":473,"url":"https:\/\/magikindia.com\/wp-content\/uploads\/2016\/01\/jaisalmer-festival.jpg","type":"image\/jpeg"}],"schema":{"@context":"https:\/\/schema.org","@graph":[{"@type":"WebPage","@id":"https:\/\/magikindia.com\/en\/agenda-festival\/","url":"https:\/\/magikindia.com\/en\/agenda-festival\/","name":"Festivals Calendar 2017 - MAGIK INDIA","isPartOf":{"@id":"https:\/\/magikindia.com\/en\/#website"},"primaryImageOfPage":{"@id":"https:\/\/magikindia.com\/en\/agenda-festival\/#primaryimage"},"image":{"@id":"https:\/\/magikindia.com\/en\/agenda-festival\/#primaryimage"},"thumbnailUrl":"https:\/\/magikindia.com\/wp-content\/uploads\/2016\/01\/jaisalmer-festival.jpg","datePublished":"2014-07-27T09:06:11+00:00","dateModified":"2017-02-23T14:55:09+00:00","breadcrumb":{"@id":"https:\/\/magikindia.com\/en\/agenda-festival\/#breadcrumb"},"inLanguage":"en-US","potentialAction":[{"@type":"ReadAction","target":["https:\/\/magikindia.com\/en\/agenda-festival\/"]}]},{"@type":"ImageObject","inLanguage":"en-US","@id":"https:\/\/magikindia.com\/en\/agenda-festival\/#primaryimage","url":"https:\/\/magikindia.com\/wp-content\/uploads\/2016\/01\/jaisalmer-festival.jpg","contentUrl":"https:\/\/magikindia.com\/wp-content\/uploads\/2016\/01\/jaisalmer-festival.jpg","width":709,"height":473},{"@type":"BreadcrumbList","@id":"https:\/\/magikindia.com\/en\/agenda-festival\/#breadcrumb","itemListElement":[{"@type":"ListItem","position":1,"name":"Home","item":"https:\/\/magikindia.com\/en\/"},{"@type":"ListItem","position":2,"name":"Festivals Calendar 2017"}]},{"@type":"WebSite","@id":"https:\/\/magikindia.com\/en\/#website","url":"https:\/\/magikindia.com\/en\/","name":"MAGIK INDIA","description":"| CULTURAL BLOG | TAILOR-MADE TRIPS IN INDIA","publisher":{"@id":"https:\/\/magikindia.com\/en\/#\/schema\/person\/11e0df38e0d977bc5b9887c38de9210f"},"potentialAction":[{"@type":"SearchAction","target":{"@type":"EntryPoint","urlTemplate":"https:\/\/magikindia.com\/en\/?s={search_term_string}"},"query-input":{"@type":"PropertyValueSpecification","valueRequired":true,"valueName":"search_term_string"}}],"inLanguage":"en-US"},{"@type":["Person","Organization"],"@id":"https:\/\/magikindia.com\/en\/#\/schema\/person\/11e0df38e0d977bc5b9887c38de9210f","name":"MAGIK INDIA","image":{"@type":"ImageObject","inLanguage":"en-US","@id":"https:\/\/magikindia.com\/wp-content\/uploads\/2017\/03\/OPH1.jpg","url":"https:\/\/magikindia.com\/wp-content\/uploads\/2017\/03\/OPH1.jpg","contentUrl":"https:\/\/magikindia.com\/wp-content\/uploads\/2017\/03\/OPH1.jpg","width":638,"height":673,"caption":"MAGIK INDIA"},"logo":{"@id":"https:\/\/magikindia.com\/wp-content\/uploads\/2017\/03\/OPH1.jpg"}}]}},"_links":{"self":[{"href":"https:\/\/magikindia.com\/en\/wp-json\/wp\/v2\/pages\/7730","targetHints":{"allow":["GET"]}}],"collection":[{"href":"https:\/\/magikindia.com\/en\/wp-json\/wp\/v2\/pages"}],"about":[{"href":"https:\/\/magikindia.com\/en\/wp-json\/wp\/v2\/types\/page"}],"author":[{"embeddable":true,"href":"https:\/\/magikindia.com\/en\/wp-json\/wp\/v2\/users\/4"}],"replies":[{"embeddable":true,"href":"https:\/\/magikindia.com\/en\/wp-json\/wp\/v2\/comments?post=7730"}],"version-history":[{"count":0,"href":"https:\/\/magikindia.com\/en\/wp-json\/wp\/v2\/pages\/7730\/revisions"}],"wp:featuredmedia":[{"embeddable":true,"href":"https:\/\/magikindia.com\/en\/wp-json\/wp\/v2\/media\/39117"}],"wp:attachment":[{"href":"https:\/\/magikindia.com\/en\/wp-json\/wp\/v2\/media?parent=7730"}],"curies":[{"name":"wp","href":"https:\/\/api.w.org\/{rel}","templated":true}]}}